{"id":1425,"date":"2022-04-25T09:24:04","date_gmt":"2022-04-25T07:24:04","guid":{"rendered":"https:\/\/www.bygungur.com\/my-account\/"},"modified":"2022-06-08T07:42:00","modified_gmt":"2022-06-08T05:42:00","slug":"my-account","status":"publish","type":"page","link":"https:\/\/www.bygungur.com\/en\/my-account\/","title":{"rendered":"My account"},"content":{"rendered":"\t\t<div data-elementor-type=\"wp-page\" data-elementor-id=\"1425\" class=\"elementor elementor-1425 elementor-16\" data-elementor-post-type=\"page\">\n\t\t\t\t\t\t<section class=\"elementor-section elementor-top-section elementor-element elementor-element-e7bebb2 elementor-section-boxed elementor-section-height-default elementor-section-height-default\" data-id=\"e7bebb2\" data-element_type=\"section\">\n\t\t\t\t\t\t<div class=\"elementor-container elementor-column-gap-no\">\n\t\t\t\t\t<div class=\"elementor-column elementor-col-100 elementor-top-column elementor-element elementor-element-dc57f9d\" data-id=\"dc57f9d\" data-element_type=\"column\">\n\t\t\t<div class=\"elementor-widget-wrap elementor-element-populated\">\n\t\t\t\t\t\t<div class=\"elementor-element elementor-element-ca3e0e7 elementor-widget elementor-widget-woocommerce-notices\" data-id=\"ca3e0e7\" data-element_type=\"widget\" data-widget_type=\"woocommerce-notices.default\">\n\t\t\t\t<div class=\"elementor-widget-container\">\n\t\t\t\t\t\t\t<style>\n\t\t\t.woocommerce-notices-wrapper,\n\t\t\t.woocommerce-message,\n\t\t\t.woocommerce-error,\n\t\t\t.woocommerce-info {\n\t\t\t\tdisplay: none;\n\t\t\t}\n\t\t<\/style>\n\t\t\t\t\t<div class=\"e-woocommerce-notices-wrapper e-woocommerce-notices-wrapper-loading\">\n\t\t\t\t<div class=\"woocommerce-notices-wrapper\"><\/div>\t\t\t<\/div>\n\t\t\t\t\t\t\t<\/div>\n\t\t\t\t<\/div>\n\t\t\t\t\t<\/div>\n\t\t<\/div>\n\t\t\t\t\t<\/div>\n\t\t<\/section>\n\t\t\t\t<section class=\"elementor-section elementor-top-section elementor-element elementor-element-415f8aa elementor-section-boxed elementor-section-height-default elementor-section-height-default\" data-id=\"415f8aa\" data-element_type=\"section\">\n\t\t\t\t\t\t<div class=\"elementor-container elementor-column-gap-default\">\n\t\t\t\t\t<div class=\"elementor-column elementor-col-100 elementor-top-column elementor-element elementor-element-65e80d8\" data-id=\"65e80d8\" data-element_type=\"column\">\n\t\t\t<div class=\"elementor-widget-wrap elementor-element-populated\">\n\t\t\t\t\t\t<div class=\"elementor-element elementor-element-525b481 elementor-widget elementor-widget-heading\" data-id=\"525b481\" data-element_type=\"widget\" data-widget_type=\"heading.default\">\n\t\t\t\t<div class=\"elementor-widget-container\">\n\t\t\t\t\t<h1 class=\"elementor-heading-title elementor-size-default\">MY ACCOUNT<\/h1>\t\t\t\t<\/div>\n\t\t\t\t<\/div>\n\t\t\t\t<div class=\"elementor-element elementor-element-e7a6d73 e-my-account-tabs-vertical elementor-widget elementor-widget-woocommerce-my-account\" data-id=\"e7a6d73\" data-element_type=\"widget\" data-widget_type=\"woocommerce-my-account.default\">\n\t\t\t\t<div class=\"elementor-widget-container\">\n\t\t\t\t\t<div class=\"e-my-account-tab e-my-account-tab__ \">\t\t\t<div class=\"woocommerce\"><\/div>\t\t<\/div>\n\t\t\t\t\t\t<\/div>\n\t\t\t\t<\/div>\n\t\t\t\t\t<\/div>\n\t\t<\/div>\n\t\t\t\t\t<\/div>\n\t\t<\/section>\n\t\t\t\t<\/div>\n\t\t","protected":false},"excerpt":{"rendered":"<p>MY ACCOUNT Desktop Orders Downloads Addresses Account details Logout Hola Wabi (\u00bfno eres Wabi? Cerrar sesi\u00f3n) Desde el escritorio de tu cuenta puedes ver tus pedidos recientes, gestionar tus direcciones de env\u00edo y facturaci\u00f3n y editar tu contrase\u00f1a y los detalles de tu cuenta.<\/p>\n","protected":false},"author":1,"featured_media":0,"parent":0,"menu_order":0,"comment_status":"closed","ping_status":"closed","template":"","meta":{"footnotes":""},"class_list":["post-1425","page","type-page","status-publish","hentry"],"yoast_head":"<!-- This site is optimized with the Yoast SEO plugin v27.5 - https:\/\/yoast.com\/product\/yoast-seo-wordpress\/ -->\n<title>My account - ByG\u00fcngur<\/title>\n<meta name=\"robots\" content=\"index, follow, max-snippet:-1, max-image-preview:large, max-video-preview:-1\" \/>\n<link rel=\"canonical\" href=\"https:\/\/www.bygungur.com\/en\/my-account\/\" \/>\n<meta property=\"og:locale\" content=\"en_US\" \/>\n<meta property=\"og:type\" content=\"article\" \/>\n<meta property=\"og:title\" content=\"My account - ByG\u00fcngur\" \/>\n<meta property=\"og:description\" content=\"MY ACCOUNT Desktop Orders Downloads Addresses Account details Logout Hola Wabi (\u00bfno eres Wabi? Cerrar sesi\u00f3n) Desde el escritorio de tu cuenta puedes ver tus pedidos recientes, gestionar tus direcciones de env\u00edo y facturaci\u00f3n y editar tu contrase\u00f1a y los detalles de tu cuenta.\" \/>\n<meta property=\"og:url\" content=\"https:\/\/www.bygungur.com\/en\/my-account\/\" \/>\n<meta property=\"og:site_name\" content=\"ByG\u00fcngur\" \/>\n<meta property=\"article:modified_time\" content=\"2022-06-08T05:42:00+00:00\" \/>\n<meta name=\"twitter:card\" content=\"summary_large_image\" \/>\n<script type=\"application\/ld+json\" class=\"yoast-schema-graph\">{\"@context\":\"https:\\\/\\\/schema.org\",\"@graph\":[{\"@type\":\"WebPage\",\"@id\":\"https:\\\/\\\/www.bygungur.com\\\/en\\\/my-account\\\/\",\"url\":\"https:\\\/\\\/www.bygungur.com\\\/en\\\/my-account\\\/\",\"name\":\"My account - ByG\u00fcngur\",\"isPartOf\":{\"@id\":\"https:\\\/\\\/www.bygungur.com\\\/en\\\/#website\"},\"datePublished\":\"2022-04-25T07:24:04+00:00\",\"dateModified\":\"2022-06-08T05:42:00+00:00\",\"breadcrumb\":{\"@id\":\"https:\\\/\\\/www.bygungur.com\\\/en\\\/my-account\\\/#breadcrumb\"},\"inLanguage\":\"en-US\",\"potentialAction\":[{\"@type\":\"ReadAction\",\"target\":[\"https:\\\/\\\/www.bygungur.com\\\/en\\\/my-account\\\/\"]}]},{\"@type\":\"BreadcrumbList\",\"@id\":\"https:\\\/\\\/www.bygungur.com\\\/en\\\/my-account\\\/#breadcrumb\",\"itemListElement\":[{\"@type\":\"ListItem\",\"position\":1,\"name\":\"Portada\",\"item\":\"https:\\\/\\\/www.bygungur.com\\\/en\\\/\"},{\"@type\":\"ListItem\",\"position\":2,\"name\":\"My account\"}]},{\"@type\":\"WebSite\",\"@id\":\"https:\\\/\\\/www.bygungur.com\\\/en\\\/#website\",\"url\":\"https:\\\/\\\/www.bygungur.com\\\/en\\\/\",\"name\":\"ByG\u00fcngur\",\"description\":\"Piezas de Arte inspiradas en la cultura India y el resto de Asia\",\"publisher\":{\"@id\":\"https:\\\/\\\/www.bygungur.com\\\/en\\\/#organization\"},\"potentialAction\":[{\"@type\":\"SearchAction\",\"target\":{\"@type\":\"EntryPoint\",\"urlTemplate\":\"https:\\\/\\\/www.bygungur.com\\\/en\\\/?s={search_term_string}\"},\"query-input\":{\"@type\":\"PropertyValueSpecification\",\"valueRequired\":true,\"valueName\":\"search_term_string\"}}],\"inLanguage\":\"en-US\"},{\"@type\":\"Organization\",\"@id\":\"https:\\\/\\\/www.bygungur.com\\\/en\\\/#organization\",\"name\":\"ByG\u00fcngur\",\"url\":\"https:\\\/\\\/www.bygungur.com\\\/en\\\/\",\"logo\":{\"@type\":\"ImageObject\",\"inLanguage\":\"en-US\",\"@id\":\"https:\\\/\\\/www.bygungur.com\\\/en\\\/#\\\/schema\\\/logo\\\/image\\\/\",\"url\":\"https:\\\/\\\/www.bygungur.com\\\/wp-content\\\/uploads\\\/2022\\\/05\\\/logo_black.png\",\"contentUrl\":\"https:\\\/\\\/www.bygungur.com\\\/wp-content\\\/uploads\\\/2022\\\/05\\\/logo_black.png\",\"width\":391,\"height\":60,\"caption\":\"ByG\u00fcngur\"},\"image\":{\"@id\":\"https:\\\/\\\/www.bygungur.com\\\/en\\\/#\\\/schema\\\/logo\\\/image\\\/\"}}]}<\/script>\n<!-- \/ Yoast SEO plugin. -->","yoast_head_json":{"title":"My account - ByG\u00fcngur","robots":{"index":"index","follow":"follow","max-snippet":"max-snippet:-1","max-image-preview":"max-image-preview:large","max-video-preview":"max-video-preview:-1"},"canonical":"https:\/\/www.bygungur.com\/en\/my-account\/","og_locale":"en_US","og_type":"article","og_title":"My account - ByG\u00fcngur","og_description":"MY ACCOUNT Desktop Orders Downloads Addresses Account details Logout Hola Wabi (\u00bfno eres Wabi? Cerrar sesi\u00f3n) Desde el escritorio de tu cuenta puedes ver tus pedidos recientes, gestionar tus direcciones de env\u00edo y facturaci\u00f3n y editar tu contrase\u00f1a y los detalles de tu cuenta.","og_url":"https:\/\/www.bygungur.com\/en\/my-account\/","og_site_name":"ByG\u00fcngur","article_modified_time":"2022-06-08T05:42:00+00:00","twitter_card":"summary_large_image","schema":{"@context":"https:\/\/schema.org","@graph":[{"@type":"WebPage","@id":"https:\/\/www.bygungur.com\/en\/my-account\/","url":"https:\/\/www.bygungur.com\/en\/my-account\/","name":"My account - ByG\u00fcngur","isPartOf":{"@id":"https:\/\/www.bygungur.com\/en\/#website"},"datePublished":"2022-04-25T07:24:04+00:00","dateModified":"2022-06-08T05:42:00+00:00","breadcrumb":{"@id":"https:\/\/www.bygungur.com\/en\/my-account\/#breadcrumb"},"inLanguage":"en-US","potentialAction":[{"@type":"ReadAction","target":["https:\/\/www.bygungur.com\/en\/my-account\/"]}]},{"@type":"BreadcrumbList","@id":"https:\/\/www.bygungur.com\/en\/my-account\/#breadcrumb","itemListElement":[{"@type":"ListItem","position":1,"name":"Portada","item":"https:\/\/www.bygungur.com\/en\/"},{"@type":"ListItem","position":2,"name":"My account"}]},{"@type":"WebSite","@id":"https:\/\/www.bygungur.com\/en\/#website","url":"https:\/\/www.bygungur.com\/en\/","name":"ByG\u00fcngur","description":"Piezas de Arte inspiradas en la cultura India y el resto de Asia","publisher":{"@id":"https:\/\/www.bygungur.com\/en\/#organization"},"potentialAction":[{"@type":"SearchAction","target":{"@type":"EntryPoint","urlTemplate":"https:\/\/www.bygungur.com\/en\/?s={search_term_string}"},"query-input":{"@type":"PropertyValueSpecification","valueRequired":true,"valueName":"search_term_string"}}],"inLanguage":"en-US"},{"@type":"Organization","@id":"https:\/\/www.bygungur.com\/en\/#organization","name":"ByG\u00fcngur","url":"https:\/\/www.bygungur.com\/en\/","logo":{"@type":"ImageObject","inLanguage":"en-US","@id":"https:\/\/www.bygungur.com\/en\/#\/schema\/logo\/image\/","url":"https:\/\/www.bygungur.com\/wp-content\/uploads\/2022\/05\/logo_black.png","contentUrl":"https:\/\/www.bygungur.com\/wp-content\/uploads\/2022\/05\/logo_black.png","width":391,"height":60,"caption":"ByG\u00fcngur"},"image":{"@id":"https:\/\/www.bygungur.com\/en\/#\/schema\/logo\/image\/"}}]}},"_links":{"self":[{"href":"https:\/\/www.bygungur.com\/en\/wp-json\/wp\/v2\/pages\/1425","targetHints":{"allow":["GET"]}}],"collection":[{"href":"https:\/\/www.bygungur.com\/en\/wp-json\/wp\/v2\/pages"}],"about":[{"href":"https:\/\/www.bygungur.com\/en\/wp-json\/wp\/v2\/types\/page"}],"author":[{"embeddable":true,"href":"https:\/\/www.bygungur.com\/en\/wp-json\/wp\/v2\/users\/1"}],"replies":[{"embeddable":true,"href":"https:\/\/www.bygungur.com\/en\/wp-json\/wp\/v2\/comments?post=1425"}],"version-history":[{"count":2,"href":"https:\/\/www.bygungur.com\/en\/wp-json\/wp\/v2\/pages\/1425\/revisions"}],"predecessor-version":[{"id":1646,"href":"https:\/\/www.bygungur.com\/en\/wp-json\/wp\/v2\/pages\/1425\/revisions\/1646"}],"wp:attachment":[{"href":"https:\/\/www.bygungur.com\/en\/wp-json\/wp\/v2\/media?parent=1425"}],"curies":[{"name":"wp","href":"https:\/\/api.w.org\/{rel}","templated":true}]}}